{"id":539,"date":"2024-04-15T21:30:11","date_gmt":"2024-04-15T21:30:11","guid":{"rendered":"https:\/\/misushi.cz\/?page_id=539"},"modified":"2025-09-27T14:05:48","modified_gmt":"2025-09-27T14:05:48","slug":"voucher","status":"publish","type":"page","link":"https:\/\/misushi.cz\/en\/voucher\/","title":{"rendered":"Voucher"},"content":{"rendered":"<div data-elementor-type=\"wp-page\" data-elementor-id=\"539\" class=\"elementor elementor-539\" data-elementor-post-type=\"page\">\n\t\t\t\t<div class=\"elementor-element elementor-element-607f0dc e-flex e-con-boxed e-con e-parent\" data-id=\"607f0dc\" data-element_type=\"container\" data-settings=\"{&quot;background_background&quot;:&quot;classic&quot;,&quot;background_motion_fx_motion_fx_scrolling&quot;:&quot;yes&quot;,&quot;background_motion_fx_scale_effect&quot;:&quot;yes&quot;,&quot;background_motion_fx_scale_speed&quot;:{&quot;unit&quot;:&quot;px&quot;,&quot;size&quot;:2,&quot;sizes&quot;:[]},&quot;background_motion_fx_scale_range&quot;:{&quot;unit&quot;:&quot;%&quot;,&quot;size&quot;:&quot;&quot;,&quot;sizes&quot;:{&quot;start&quot;:50,&quot;end&quot;:100}},&quot;background_motion_fx_scale_direction&quot;:&quot;out-in&quot;,&quot;background_motion_fx_devices&quot;:[&quot;desktop&quot;,&quot;tablet&quot;,&quot;mobile&quot;]}\">\n\t\t\t\t\t<div class=\"e-con-inner\">\n\t\t<div class=\"elementor-element elementor-element-caabe22 e-con-full e-flex e-con e-child\" data-id=\"caabe22\" data-element_type=\"container\" data-settings=\"{&quot;background_background&quot;:&quot;classic&quot;}\">\n\t\t<div class=\"elementor-element elementor-element-c36b10b e-con-full e-flex e-con e-child\" data-id=\"c36b10b\" data-element_type=\"container\">\n\t\t<div class=\"elementor-element elementor-element-d6be98b e-con-full e-flex elementor-invisible e-con e-child\" data-id=\"d6be98b\" data-element_type=\"container\" data-settings=\"{&quot;background_background&quot;:&quot;classic&quot;,&quot;animation&quot;:&quot;fadeIn&quot;}\">\n\t\t\t\t<div class=\"elementor-element elementor-element-23b90ff animated-slow elementor-invisible elementor-widget elementor-widget-heading\" data-id=\"23b90ff\" data-element_type=\"widget\" data-settings=\"{&quot;_animation&quot;:&quot;fadeIn&quot;}\" data-widget_type=\"heading.default\">\n\t\t\t\t<div class=\"elementor-widget-container\">\n\t\t\t\t\t<h1 class=\"elementor-heading-title elementor-size-default\">Give your loved ones a gift voucher<\/h1>\t\t\t\t<\/div>\n\t\t\t\t<\/div>\n\t\t\t\t<div class=\"elementor-element elementor-element-6494aa6 elementor-invisible elementor-widget elementor-widget-text-editor\" data-id=\"6494aa6\" data-element_type=\"widget\" data-settings=\"{&quot;_animation&quot;:&quot;fadeIn&quot;,&quot;_animation_delay&quot;:250}\" data-widget_type=\"text-editor.default\">\n\t\t\t\t<div class=\"elementor-widget-container\">\n\t\t\t\t\t\t\t\t\t<p>Ud\u011blejte radost sv\u00fdm nejbli\u017e\u0161\u00edm a darujte jim n\u00e1\u0161 voucher. V nab\u00eddce m\u00e1me vouchery v hodnot\u00e1ch 500 K\u010d, 1000 K\u010d, 1500 K\u010d a 2000 K\u010d. D\u00e1rkov\u00e9 vouchery si m\u016f\u017eete zakoupit p\u0159\u00edmo u n\u00e1s v restauraci! A pokud hled\u00e1te stavebn\u00ed firmu tak doporu\u010dujeme <a href=\"https:\/\/inostav.cz\">inostav.cz<\/a><\/p>\t\t\t\t\t\t\t\t<\/div>\n\t\t\t\t<\/div>\n\t\t\t\t<\/div>\n\t\t<div class=\"elementor-element elementor-element-3b8de4b e-con-full e-transform e-flex elementor-invisible e-con e-child\" data-id=\"3b8de4b\" data-element_type=\"container\" data-settings=\"{&quot;background_background&quot;:&quot;classic&quot;,&quot;animation&quot;:&quot;fadeIn&quot;,&quot;animation_delay&quot;:750,&quot;_transform_translateY_effect_hover&quot;:{&quot;unit&quot;:&quot;px&quot;,&quot;size&quot;:-8,&quot;sizes&quot;:[]},&quot;_transform_translateY_effect_hover_mobile&quot;:{&quot;unit&quot;:&quot;px&quot;,&quot;size&quot;:0,&quot;sizes&quot;:[]},&quot;_transform_translateX_effect_hover&quot;:{&quot;unit&quot;:&quot;px&quot;,&quot;size&quot;:&quot;&quot;,&quot;sizes&quot;:[]},&quot;_transform_translateX_effect_hover_tablet&quot;:{&quot;unit&quot;:&quot;px&quot;,&quot;size&quot;:&quot;&quot;,&quot;sizes&quot;:[]},&quot;_transform_translateX_effect_hover_mobile&quot;:{&quot;unit&quot;:&quot;px&quot;,&quot;size&quot;:&quot;&quot;,&quot;sizes&quot;:[]},&quot;_transform_translateY_effect_hover_tablet&quot;:{&quot;unit&quot;:&quot;px&quot;,&quot;size&quot;:&quot;&quot;,&quot;sizes&quot;:[]}}\">\n\t\t\t\t<div class=\"elementor-element elementor-element-54812de elementor-widget elementor-widget-button\" data-id=\"54812de\" data-element_type=\"widget\" data-widget_type=\"button.default\">\n\t\t\t\t<div class=\"elementor-widget-container\">\n\t\t\t\t\t\t\t\t\t<div class=\"elementor-button-wrapper\">\n\t\t\t\t\t<a class=\"elementor-button elementor-button-link elementor-size-sm elementor-animation-float\" href=\"#kontakt\">\n\t\t\t\t\t\t<span class=\"elementor-button-content-wrapper\">\n\t\t\t\t\t\t<span class=\"elementor-button-icon\">\n\t\t\t\t<svg xmlns=\"http:\/\/www.w3.org\/2000\/svg\" clip-rule=\"evenodd\" fill-rule=\"evenodd\" height=\"512\" viewbox=\"0 0 28444 28444\" width=\"512\"><g id=\"Layer_x0020_1\"><path d=\"m4382 1866h22196v22196h-2490v-17938l-20093 20093-1768-1767 20094-20094h-17939z\" fill-rule=\"nonzero\"><\/path><\/g><\/svg>\t\t\t<\/span>\n\t\t\t\t\t\t\t\t\t<span class=\"elementor-button-text\">Contact us<\/span>\n\t\t\t\t\t<\/span>\n\t\t\t\t\t<\/a>\n\t\t\t\t<\/div>\n\t\t\t\t\t\t\t\t<\/div>\n\t\t\t\t<\/div>\n\t\t\t\t<\/div>\n\t\t\t\t<\/div>\n\t\t<div class=\"elementor-element elementor-element-81d994f e-con-full e-flex e-con e-child\" data-id=\"81d994f\" data-element_type=\"container\" data-settings=\"{&quot;background_background&quot;:&quot;classic&quot;}\">\n\t\t\t\t<div class=\"elementor-element elementor-element-22d2ac7 elementor-widget elementor-widget-spacer\" data-id=\"22d2ac7\" data-element_type=\"widget\" data-widget_type=\"spacer.default\">\n\t\t\t\t<div class=\"elementor-widget-container\">\n\t\t\t\t\t\t\t<div class=\"elementor-spacer\">\n\t\t\t<div class=\"elementor-spacer-inner\"><\/div>\n\t\t<\/div>\n\t\t\t\t\t\t<\/div>\n\t\t\t\t<\/div>\n\t\t\t\t<\/div>\n\t\t\t\t<\/div>\n\t\t\t\t\t<\/div>\n\t\t\t\t<\/div>\n\t\t<div class=\"elementor-element elementor-element-a1d0c4f e-flex e-con-boxed e-con e-parent\" data-id=\"a1d0c4f\" data-element_type=\"container\">\n\t\t\t\t\t<div class=\"e-con-inner\">\n\t\t\t\t<div class=\"elementor-element elementor-element-463612b elementor-widget elementor-widget-html\" data-id=\"463612b\" data-element_type=\"widget\" data-widget_type=\"html.default\">\n\t\t\t\t<div class=\"elementor-widget-container\">\n\t\t\t\t\t<iframe src=\"https:\/\/www.google.com\/maps\/embed?pb=!1m18!1m12!1m3!1d2560.216901560438!2d14.417342876844925!3d50.082225771524286!2m3!1f0!2f0!3f0!3m2!1i1024!2i768!4f13.1!3m3!1m2!1s0x470b94ee0b9efc2b%3A0xd7c85ffa1c8e82b3!2zT2JjaG9kbsOtIGTFr20gTcOhag!5e0!3m2!1sen!2scz!4v1713441253577!5m2!1sen!2scz\" width=\"600\" height=\"450\" style=\"border:0;\" allowfullscreen=\"\" loading=\"lazy\" referrerpolicy=\"no-referrer-when-downgrade\"><\/iframe>\t\t\t\t<\/div>\n\t\t\t\t<\/div>\n\t\t\t\t\t<\/div>\n\t\t\t\t<\/div>\n\t\t\t\t<\/div>","protected":false},"excerpt":{"rendered":"<p>Dop\u0159ejte sv\u00fdm nejbli\u017e\u0161\u00edm d\u00e1rkov\u00fd voucher Ud\u011blejte radost sv\u00fdm nejbli\u017e\u0161\u00edm a darujte jim n\u00e1\u0161 voucher. V nab\u00eddce m\u00e1me vouchery v hodnot\u00e1ch 500 K\u010d, 1000 K\u010d, 1500 K\u010d a 2000 K\u010d. D\u00e1rkov\u00e9 vouchery si m\u016f\u017eete zakoupit p\u0159\u00edmo u n\u00e1s v restauraci! A pokud hled\u00e1te stavebn\u00ed firmu tak doporu\u010dujeme inostav.cz Kontaktujte n\u00e1s<\/p>","protected":false},"author":1,"featured_media":0,"parent":0,"menu_order":0,"comment_status":"closed","ping_status":"closed","template":"","meta":{"_monsterinsights_skip_tracking":false,"_monsterinsights_sitenote_active":false,"_monsterinsights_sitenote_note":"","_monsterinsights_sitenote_category":0,"footnotes":""},"class_list":["post-539","page","type-page","status-publish","hentry"],"_links":{"self":[{"href":"https:\/\/misushi.cz\/en\/wp-json\/wp\/v2\/pages\/539","targetHints":{"allow":["GET"]}}],"collection":[{"href":"https:\/\/misushi.cz\/en\/wp-json\/wp\/v2\/pages"}],"about":[{"href":"https:\/\/misushi.cz\/en\/wp-json\/wp\/v2\/types\/page"}],"author":[{"embeddable":true,"href":"https:\/\/misushi.cz\/en\/wp-json\/wp\/v2\/users\/1"}],"replies":[{"embeddable":true,"href":"https:\/\/misushi.cz\/en\/wp-json\/wp\/v2\/comments?post=539"}],"version-history":[{"count":24,"href":"https:\/\/misushi.cz\/en\/wp-json\/wp\/v2\/pages\/539\/revisions"}],"predecessor-version":[{"id":677,"href":"https:\/\/misushi.cz\/en\/wp-json\/wp\/v2\/pages\/539\/revisions\/677"}],"wp:attachment":[{"href":"https:\/\/misushi.cz\/en\/wp-json\/wp\/v2\/media?parent=539"}],"curies":[{"name":"wp","href":"https:\/\/api.w.org\/{rel}","templated":true}]}}