{"id":521,"date":"2024-04-15T21:09:01","date_gmt":"2024-04-15T21:09:01","guid":{"rendered":"https:\/\/misushi.cz\/?page_id=521"},"modified":"2024-04-18T12:09:30","modified_gmt":"2024-04-18T12:09:30","slug":"galerie","status":"publish","type":"page","link":"https:\/\/misushi.cz\/en\/galerie\/","title":{"rendered":"Gallery"},"content":{"rendered":"<div data-elementor-type=\"wp-page\" data-elementor-id=\"521\" class=\"elementor elementor-521\" data-elementor-post-type=\"page\">\n\t\t\t\t<div class=\"elementor-element elementor-element-4fb84ba e-flex e-con-boxed e-con e-parent\" data-id=\"4fb84ba\" data-element_type=\"container\" id=\"galerie\" data-settings=\"{&quot;background_background&quot;:&quot;classic&quot;}\">\n\t\t\t\t\t<div class=\"e-con-inner\">\n\t\t<div class=\"elementor-element elementor-element-4c2470d e-con-full e-flex e-con e-child\" data-id=\"4c2470d\" data-element_type=\"container\">\n\t\t<div class=\"elementor-element elementor-element-cd8d279 e-con-full e-flex e-con e-child\" data-id=\"cd8d279\" data-element_type=\"container\" data-settings=\"{&quot;background_background&quot;:&quot;classic&quot;}\">\n\t\t<div class=\"elementor-element elementor-element-5349aba e-con-full e-flex e-con e-child\" data-id=\"5349aba\" data-element_type=\"container\">\n\t\t\t\t<div class=\"elementor-element elementor-element-b33a302 elementor-widget__width-initial animated-slow elementor-invisible elementor-widget elementor-widget-heading\" data-id=\"b33a302\" data-element_type=\"widget\" data-settings=\"{&quot;_animation&quot;:&quot;fadeIn&quot;}\" data-widget_type=\"heading.default\">\n\t\t\t\t<div class=\"elementor-widget-container\">\n\t\t\t\t\t<h1 class=\"elementor-heading-title elementor-size-default\">Enter and take a look \ninto the visual world of MiSushi<\/h1>\t\t\t\t<\/div>\n\t\t\t\t<\/div>\n\t\t\t\t<\/div>\n\t\t\t\t<\/div>\n\t\t\t\t<div class=\"elementor-element elementor-element-320cd1c elementor-widget elementor-widget-gallery\" data-id=\"320cd1c\" data-element_type=\"widget\" data-settings=\"{&quot;gallery_layout&quot;:&quot;justified&quot;,&quot;ideal_row_height&quot;:{&quot;unit&quot;:&quot;px&quot;,&quot;size&quot;:400,&quot;sizes&quot;:[]},&quot;gap&quot;:{&quot;unit&quot;:&quot;px&quot;,&quot;size&quot;:20,&quot;sizes&quot;:[]},&quot;ideal_row_height_mobile&quot;:{&quot;unit&quot;:&quot;px&quot;,&quot;size&quot;:200,&quot;sizes&quot;:[]},&quot;lazyload&quot;:&quot;yes&quot;,&quot;ideal_row_height_tablet&quot;:{&quot;unit&quot;:&quot;px&quot;,&quot;size&quot;:150,&quot;sizes&quot;:[]},&quot;gap_tablet&quot;:{&quot;unit&quot;:&quot;px&quot;,&quot;size&quot;:10,&quot;sizes&quot;:[]},&quot;gap_mobile&quot;:{&quot;unit&quot;:&quot;px&quot;,&quot;size&quot;:10,&quot;sizes&quot;:[]},&quot;link_to&quot;:&quot;file&quot;,&quot;show_all_galleries&quot;:&quot;yes&quot;,&quot;overlay_background&quot;:&quot;yes&quot;,&quot;content_hover_animation&quot;:&quot;fade-in&quot;}\" data-widget_type=\"gallery.default\">\n\t\t\t\t<div class=\"elementor-widget-container\">\n\t\t\t\t\t\t\t\t<div class=\"elementor-gallery__titles-container e--pointer-none\" aria-label=\"Gallery filter\">\n\t\t\t\t\t\t\t\t\t<a class=\"elementor-item elementor-gallery-title\" role=\"button\" tabindex=\"0\" data-gallery-index=\"all\">\n\t\t\t\t\t\tAll\t\t\t\t\t<\/a>\n\t\t\t\t\n\t\t\t\t\t\t\t\t\t<a class=\"elementor-item elementor-gallery-title\" role=\"button\" tabindex=\"0\" data-gallery-index=\"0\">\n\t\t\t\t\t\tInterior &amp; Atmosphere\t\t\t\t\t<\/a>\n\t\t\t\t\t\t\t\t\t\t<a class=\"elementor-item elementor-gallery-title\" role=\"button\" tabindex=\"0\" data-gallery-index=\"1\">\n\t\t\t\t\t\tDishes\t\t\t\t\t<\/a>\n\t\t\t\t\t\t\t\t<\/div>\n\t\t\t\t\t<div class=\"elementor-gallery__container\">\n\t\t\t\t\t\t\t<a class=\"e-gallery-item elementor-gallery-item elementor-animated-content\" data-e-gallery-tags=\"0\" href=\"https:\/\/misushi.cz\/wp-content\/uploads\/2024\/04\/230405_2.webp\" data-elementor-open-lightbox=\"yes\" data-elementor-lightbox-slideshow=\"320cd1c\" data-elementor-lightbox-title=\"230405_2\" data-e-action-hash=\"#elementor-action%3Aaction%3Dlightbox%26settings%3DeyJpZCI6NzYsInVybCI6Imh0dHBzOlwvXC9taXN1c2hpLmN6XC93cC1jb250ZW50XC91cGxvYWRzXC8yMDI0XC8wNFwvMjMwNDA1XzIud2VicCIsInNsaWRlc2hvdyI6IjMyMGNkMWMifQ%3D%3D\">\n\t\t\t\t\t<div class=\"e-gallery-image elementor-gallery-item__image\" data-thumbnail=\"https:\/\/misushi.cz\/wp-content\/uploads\/2024\/04\/230405_2-1024x683.webp\" data-width=\"800\" data-height=\"534\" aria-label=\"\" role=\"img\" ><\/div>\n\t\t\t\t\t\t\t\t\t\t\t<div class=\"elementor-gallery-item__overlay\"><\/div>\n\t\t\t\t\t\t\t\t\t\t\t\t\t\t<\/a>\n\t\t\t\t\t\t\t<a class=\"e-gallery-item elementor-gallery-item elementor-animated-content\" data-e-gallery-tags=\"1\" href=\"https:\/\/misushi.cz\/wp-content\/uploads\/2024\/04\/woman-eating-asian-udon-wok-noodles-e1713104372484.webp\" data-elementor-open-lightbox=\"yes\" data-elementor-lightbox-slideshow=\"320cd1c\" data-elementor-lightbox-title=\"woman-eating-asian-udon-wok-noodles\" data-e-action-hash=\"#elementor-action%3Aaction%3Dlightbox%26settings%3DeyJpZCI6Mjg5LCJ1cmwiOiJodHRwczpcL1wvbWlzdXNoaS5jelwvd3AtY29udGVudFwvdXBsb2Fkc1wvMjAyNFwvMDRcL3dvbWFuLWVhdGluZy1hc2lhbi11ZG9uLXdvay1ub29kbGVzLWUxNzEzMTA0MzcyNDg0LndlYnAiLCJzbGlkZXNob3ciOiIzMjBjZDFjIn0%3D\">\n\t\t\t\t\t<div class=\"e-gallery-image elementor-gallery-item__image\" data-thumbnail=\"https:\/\/misushi.cz\/wp-content\/uploads\/2024\/04\/woman-eating-asian-udon-wok-noodles-e1713104372484-1024x1024.webp\" data-width=\"800\" data-height=\"800\" aria-label=\"\" role=\"img\" ><\/div>\n\t\t\t\t\t\t\t\t\t\t\t<div class=\"elementor-gallery-item__overlay\"><\/div>\n\t\t\t\t\t\t\t\t\t\t\t\t\t\t<\/a>\n\t\t\t\t\t\t\t<a class=\"e-gallery-item elementor-gallery-item elementor-animated-content\" data-e-gallery-tags=\"1\" href=\"https:\/\/misushi.cz\/wp-content\/uploads\/2024\/04\/chef-lighting-torch-sear-piece-sushi-adding-smoky-flavor-omakase-dish.webp\" data-elementor-open-lightbox=\"yes\" data-elementor-lightbox-slideshow=\"320cd1c\" data-elementor-lightbox-title=\"chef-lighting-torch-sear-piece-sushi-adding-smoky-flavor-omakase-dish\" data-e-action-hash=\"#elementor-action%3Aaction%3Dlightbox%26settings%3DeyJpZCI6MTY0LCJ1cmwiOiJodHRwczpcL1wvbWlzdXNoaS5jelwvd3AtY29udGVudFwvdXBsb2Fkc1wvMjAyNFwvMDRcL2NoZWYtbGlnaHRpbmctdG9yY2gtc2Vhci1waWVjZS1zdXNoaS1hZGRpbmctc21va3ktZmxhdm9yLW9tYWthc2UtZGlzaC53ZWJwIiwic2xpZGVzaG93IjoiMzIwY2QxYyJ9\">\n\t\t\t\t\t<div class=\"e-gallery-image elementor-gallery-item__image\" data-thumbnail=\"https:\/\/misushi.cz\/wp-content\/uploads\/2024\/04\/chef-lighting-torch-sear-piece-sushi-adding-smoky-flavor-omakase-dish-1024x574.webp\" data-width=\"800\" data-height=\"448\" aria-label=\"\" role=\"img\" ><\/div>\n\t\t\t\t\t\t\t\t\t\t\t<div class=\"elementor-gallery-item__overlay\"><\/div>\n\t\t\t\t\t\t\t\t\t\t\t\t\t\t<\/a>\n\t\t\t\t\t\t\t<a class=\"e-gallery-item elementor-gallery-item elementor-animated-content\" data-e-gallery-tags=\"0\" href=\"https:\/\/misushi.cz\/wp-content\/uploads\/2024\/04\/230405_4-e1714470352482.webp\" data-elementor-open-lightbox=\"yes\" data-elementor-lightbox-slideshow=\"320cd1c\" data-elementor-lightbox-title=\"230405_4\" data-e-action-hash=\"#elementor-action%3Aaction%3Dlightbox%26settings%3DeyJpZCI6MjY3LCJ1cmwiOiJodHRwczpcL1wvbWlzdXNoaS5jelwvd3AtY29udGVudFwvdXBsb2Fkc1wvMjAyNFwvMDRcLzIzMDQwNV80LWUxNzE0NDcwMzUyNDgyLndlYnAiLCJzbGlkZXNob3ciOiIzMjBjZDFjIn0%3D\">\n\t\t\t\t\t<div class=\"e-gallery-image elementor-gallery-item__image\" data-thumbnail=\"https:\/\/misushi.cz\/wp-content\/uploads\/2024\/04\/230405_4-e1714470352482-1024x573.webp\" data-width=\"800\" data-height=\"448\" aria-label=\"\" role=\"img\" ><\/div>\n\t\t\t\t\t\t\t\t\t\t\t<div class=\"elementor-gallery-item__overlay\"><\/div>\n\t\t\t\t\t\t\t\t\t\t\t\t\t\t<\/a>\n\t\t\t\t\t\t\t<a class=\"e-gallery-item elementor-gallery-item elementor-animated-content\" data-e-gallery-tags=\"1\" href=\"https:\/\/misushi.cz\/wp-content\/uploads\/2024\/04\/plate-salmon-with-lemon-garnish.webp\" data-elementor-open-lightbox=\"yes\" data-elementor-lightbox-slideshow=\"320cd1c\" data-elementor-lightbox-title=\"plate-salmon-with-lemon-garnish\" data-e-action-hash=\"#elementor-action%3Aaction%3Dlightbox%26settings%3DeyJpZCI6MjY2LCJ1cmwiOiJodHRwczpcL1wvbWlzdXNoaS5jelwvd3AtY29udGVudFwvdXBsb2Fkc1wvMjAyNFwvMDRcL3BsYXRlLXNhbG1vbi13aXRoLWxlbW9uLWdhcm5pc2gud2VicCIsInNsaWRlc2hvdyI6IjMyMGNkMWMifQ%3D%3D\">\n\t\t\t\t\t<div class=\"e-gallery-image elementor-gallery-item__image\" data-thumbnail=\"https:\/\/misushi.cz\/wp-content\/uploads\/2024\/04\/plate-salmon-with-lemon-garnish-838x1024.webp\" data-width=\"800\" data-height=\"978\" aria-label=\"\" role=\"img\" ><\/div>\n\t\t\t\t\t\t\t\t\t\t\t<div class=\"elementor-gallery-item__overlay\"><\/div>\n\t\t\t\t\t\t\t\t\t\t\t\t\t\t<\/a>\n\t\t\t\t\t\t\t<a class=\"e-gallery-item elementor-gallery-item elementor-animated-content\" data-e-gallery-tags=\"1\" href=\"https:\/\/misushi.cz\/wp-content\/uploads\/2024\/04\/fried-shrimps-served-with-lemon-slices-lettuce-sauce.webp\" data-elementor-open-lightbox=\"yes\" data-elementor-lightbox-slideshow=\"320cd1c\" data-elementor-lightbox-title=\"fried-shrimps-served-with-lemon-slices-lettuce-sauce\" data-e-action-hash=\"#elementor-action%3Aaction%3Dlightbox%26settings%3DeyJpZCI6Mjk0LCJ1cmwiOiJodHRwczpcL1wvbWlzdXNoaS5jelwvd3AtY29udGVudFwvdXBsb2Fkc1wvMjAyNFwvMDRcL2ZyaWVkLXNocmltcHMtc2VydmVkLXdpdGgtbGVtb24tc2xpY2VzLWxldHR1Y2Utc2F1Y2Uud2VicCIsInNsaWRlc2hvdyI6IjMyMGNkMWMifQ%3D%3D\">\n\t\t\t\t\t<div class=\"e-gallery-image elementor-gallery-item__image\" data-thumbnail=\"https:\/\/misushi.cz\/wp-content\/uploads\/2024\/04\/fried-shrimps-served-with-lemon-slices-lettuce-sauce-819x1024.webp\" data-width=\"800\" data-height=\"1000\" aria-label=\"\" role=\"img\" ><\/div>\n\t\t\t\t\t\t\t\t\t\t\t<div class=\"elementor-gallery-item__overlay\"><\/div>\n\t\t\t\t\t\t\t\t\t\t\t\t\t\t<\/a>\n\t\t\t\t\t\t\t<a class=\"e-gallery-item elementor-gallery-item elementor-animated-content\" data-e-gallery-tags=\"1\" href=\"https:\/\/misushi.cz\/wp-content\/uploads\/2024\/04\/high-angle-asian-dish-plate-with-meat-rice.webp\" data-elementor-open-lightbox=\"yes\" data-elementor-lightbox-slideshow=\"320cd1c\" data-elementor-lightbox-title=\"high-angle-asian-dish-plate-with-meat-rice\" data-e-action-hash=\"#elementor-action%3Aaction%3Dlightbox%26settings%3DeyJpZCI6Mjk5LCJ1cmwiOiJodHRwczpcL1wvbWlzdXNoaS5jelwvd3AtY29udGVudFwvdXBsb2Fkc1wvMjAyNFwvMDRcL2hpZ2gtYW5nbGUtYXNpYW4tZGlzaC1wbGF0ZS13aXRoLW1lYXQtcmljZS53ZWJwIiwic2xpZGVzaG93IjoiMzIwY2QxYyJ9\">\n\t\t\t\t\t<div class=\"e-gallery-image elementor-gallery-item__image\" data-thumbnail=\"https:\/\/misushi.cz\/wp-content\/uploads\/2024\/04\/high-angle-asian-dish-plate-with-meat-rice-684x1024.webp\" data-width=\"684\" data-height=\"1024\" aria-label=\"\" role=\"img\" ><\/div>\n\t\t\t\t\t\t\t\t\t\t\t<div class=\"elementor-gallery-item__overlay\"><\/div>\n\t\t\t\t\t\t\t\t\t\t\t\t\t\t<\/a>\n\t\t\t\t\t\t\t<a class=\"e-gallery-item elementor-gallery-item elementor-animated-content\" data-e-gallery-tags=\"1\" href=\"https:\/\/misushi.cz\/wp-content\/uploads\/2024\/04\/hawaiian-salmon-poke-bowl-with-seaweed-avocado-sesame-seeds-1.webp\" data-elementor-open-lightbox=\"yes\" data-elementor-lightbox-slideshow=\"320cd1c\" data-elementor-lightbox-title=\"hawaiian-salmon-poke-bowl-with-seaweed-avocado-sesame-seeds\" data-e-action-hash=\"#elementor-action%3Aaction%3Dlightbox%26settings%3DeyJpZCI6MjkzLCJ1cmwiOiJodHRwczpcL1wvbWlzdXNoaS5jelwvd3AtY29udGVudFwvdXBsb2Fkc1wvMjAyNFwvMDRcL2hhd2FpaWFuLXNhbG1vbi1wb2tlLWJvd2wtd2l0aC1zZWF3ZWVkLWF2b2NhZG8tc2VzYW1lLXNlZWRzLTEud2VicCIsInNsaWRlc2hvdyI6IjMyMGNkMWMifQ%3D%3D\">\n\t\t\t\t\t<div class=\"e-gallery-image elementor-gallery-item__image\" data-thumbnail=\"https:\/\/misushi.cz\/wp-content\/uploads\/2024\/04\/hawaiian-salmon-poke-bowl-with-seaweed-avocado-sesame-seeds-1-681x1024.webp\" data-width=\"681\" data-height=\"1024\" aria-label=\"\" role=\"img\" ><\/div>\n\t\t\t\t\t\t\t\t\t\t\t<div class=\"elementor-gallery-item__overlay\"><\/div>\n\t\t\t\t\t\t\t\t\t\t\t\t\t\t<\/a>\n\t\t\t\t\t\t\t<a class=\"e-gallery-item elementor-gallery-item elementor-animated-content\" data-e-gallery-tags=\"1\" href=\"https:\/\/misushi.cz\/wp-content\/uploads\/2024\/04\/apanese-sushi-rolls-with-salmon-shrimp-smoked-eel-red-caviar-scaled.webp\" data-elementor-open-lightbox=\"yes\" data-elementor-lightbox-slideshow=\"320cd1c\" data-elementor-lightbox-title=\"apanese-sushi-rolls-with-salmon-shrimp-smoked-eel-red-caviar\" data-e-action-hash=\"#elementor-action%3Aaction%3Dlightbox%26settings%3DeyJpZCI6NzcsInVybCI6Imh0dHBzOlwvXC9taXN1c2hpLmN6XC93cC1jb250ZW50XC91cGxvYWRzXC8yMDI0XC8wNFwvYXBhbmVzZS1zdXNoaS1yb2xscy13aXRoLXNhbG1vbi1zaHJpbXAtc21va2VkLWVlbC1yZWQtY2F2aWFyLXNjYWxlZC53ZWJwIiwic2xpZGVzaG93IjoiMzIwY2QxYyJ9\">\n\t\t\t\t\t<div class=\"e-gallery-image elementor-gallery-item__image\" data-thumbnail=\"https:\/\/misushi.cz\/wp-content\/uploads\/2024\/04\/apanese-sushi-rolls-with-salmon-shrimp-smoked-eel-red-caviar-1024x683.webp\" data-width=\"800\" data-height=\"534\" aria-label=\"\" role=\"img\" ><\/div>\n\t\t\t\t\t\t\t\t\t\t\t<div class=\"elementor-gallery-item__overlay\"><\/div>\n\t\t\t\t\t\t\t\t\t\t\t\t\t\t<\/a>\n\t\t\t\t\t\t\t<a class=\"e-gallery-item elementor-gallery-item elementor-animated-content\" data-e-gallery-tags=\"0\" href=\"https:\/\/misushi.cz\/wp-content\/uploads\/2024\/04\/hand-pouring-drink-cups-high-angle-e1714470193123.webp\" data-elementor-open-lightbox=\"yes\" data-elementor-lightbox-slideshow=\"320cd1c\" data-elementor-lightbox-title=\"hand-pouring-drink-cups-high-angle\" data-e-action-hash=\"#elementor-action%3Aaction%3Dlightbox%26settings%3DeyJpZCI6NDY4LCJ1cmwiOiJodHRwczpcL1wvbWlzdXNoaS5jelwvd3AtY29udGVudFwvdXBsb2Fkc1wvMjAyNFwvMDRcL2hhbmQtcG91cmluZy1kcmluay1jdXBzLWhpZ2gtYW5nbGUtZTE3MTQ0NzAxOTMxMjMud2VicCIsInNsaWRlc2hvdyI6IjMyMGNkMWMifQ%3D%3D\">\n\t\t\t\t\t<div class=\"e-gallery-image elementor-gallery-item__image\" data-thumbnail=\"https:\/\/misushi.cz\/wp-content\/uploads\/2024\/04\/hand-pouring-drink-cups-high-angle-e1714470193123-1024x540.webp\" data-width=\"800\" data-height=\"422\" aria-label=\"\" role=\"img\" ><\/div>\n\t\t\t\t\t\t\t\t\t\t\t<div class=\"elementor-gallery-item__overlay\"><\/div>\n\t\t\t\t\t\t\t\t\t\t\t\t\t\t<\/a>\n\t\t\t\t\t\t\t<a class=\"e-gallery-item elementor-gallery-item elementor-animated-content\" data-e-gallery-tags=\"1\" href=\"https:\/\/misushi.cz\/wp-content\/uploads\/2024\/04\/high-angle-traditional-asian-dumplings-with-chopsticks-1.webp\" data-elementor-open-lightbox=\"yes\" data-elementor-lightbox-slideshow=\"320cd1c\" data-elementor-lightbox-title=\"high-angle-traditional-asian-dumplings-with-chopsticks (1)\" data-e-action-hash=\"#elementor-action%3Aaction%3Dlightbox%26settings%3DeyJpZCI6MjkxLCJ1cmwiOiJodHRwczpcL1wvbWlzdXNoaS5jelwvd3AtY29udGVudFwvdXBsb2Fkc1wvMjAyNFwvMDRcL2hpZ2gtYW5nbGUtdHJhZGl0aW9uYWwtYXNpYW4tZHVtcGxpbmdzLXdpdGgtY2hvcHN0aWNrcy0xLndlYnAiLCJzbGlkZXNob3ciOiIzMjBjZDFjIn0%3D\">\n\t\t\t\t\t<div class=\"e-gallery-image elementor-gallery-item__image\" data-thumbnail=\"https:\/\/misushi.cz\/wp-content\/uploads\/2024\/04\/high-angle-traditional-asian-dumplings-with-chopsticks-1-684x1024.webp\" data-width=\"684\" data-height=\"1024\" aria-label=\"\" role=\"img\" ><\/div>\n\t\t\t\t\t\t\t\t\t\t\t<div class=\"elementor-gallery-item__overlay\"><\/div>\n\t\t\t\t\t\t\t\t\t\t\t\t\t\t<\/a>\n\t\t\t\t\t\t\t<a class=\"e-gallery-item elementor-gallery-item elementor-animated-content\" data-e-gallery-tags=\"1\" href=\"https:\/\/misushi.cz\/wp-content\/uploads\/2024\/04\/japanese-sushi-collection.webp\" data-elementor-open-lightbox=\"yes\" data-elementor-lightbox-slideshow=\"320cd1c\" data-elementor-lightbox-title=\"japanese-sushi-collection\" data-e-action-hash=\"#elementor-action%3Aaction%3Dlightbox%26settings%3DeyJpZCI6MjkyLCJ1cmwiOiJodHRwczpcL1wvbWlzdXNoaS5jelwvd3AtY29udGVudFwvdXBsb2Fkc1wvMjAyNFwvMDRcL2phcGFuZXNlLXN1c2hpLWNvbGxlY3Rpb24ud2VicCIsInNsaWRlc2hvdyI6IjMyMGNkMWMifQ%3D%3D\">\n\t\t\t\t\t<div class=\"e-gallery-image elementor-gallery-item__image\" data-thumbnail=\"https:\/\/misushi.cz\/wp-content\/uploads\/2024\/04\/japanese-sushi-collection-683x1024.webp\" data-width=\"683\" data-height=\"1024\" aria-label=\"\" role=\"img\" ><\/div>\n\t\t\t\t\t\t\t\t\t\t\t<div class=\"elementor-gallery-item__overlay\"><\/div>\n\t\t\t\t\t\t\t\t\t\t\t\t\t\t<\/a>\n\t\t\t\t\t\t\t<a class=\"e-gallery-item elementor-gallery-item elementor-animated-content\" data-e-gallery-tags=\"0\" href=\"https:\/\/misushi.cz\/wp-content\/uploads\/2024\/04\/230405_5.webp\" data-elementor-open-lightbox=\"yes\" data-elementor-lightbox-slideshow=\"320cd1c\" data-elementor-lightbox-title=\"230405_5\" data-e-action-hash=\"#elementor-action%3Aaction%3Dlightbox%26settings%3DeyJpZCI6MjIyLCJ1cmwiOiJodHRwczpcL1wvbWlzdXNoaS5jelwvd3AtY29udGVudFwvdXBsb2Fkc1wvMjAyNFwvMDRcLzIzMDQwNV81LndlYnAiLCJzbGlkZXNob3ciOiIzMjBjZDFjIn0%3D\">\n\t\t\t\t\t<div class=\"e-gallery-image elementor-gallery-item__image\" data-thumbnail=\"https:\/\/misushi.cz\/wp-content\/uploads\/2024\/04\/230405_5-1024x683.webp\" data-width=\"800\" data-height=\"534\" aria-label=\"\" role=\"img\" ><\/div>\n\t\t\t\t\t\t\t\t\t\t\t<div class=\"elementor-gallery-item__overlay\"><\/div>\n\t\t\t\t\t\t\t\t\t\t\t\t\t\t<\/a>\n\t\t\t\t\t<\/div>\n\t\t\t\t\t<\/div>\n\t\t\t\t<\/div>\n\t\t\t\t<\/div>\n\t\t\t\t\t<\/div>\n\t\t\t\t<\/div>\n\t\t<div class=\"elementor-element elementor-element-a1d0c4f e-flex e-con-boxed e-con e-parent\" data-id=\"a1d0c4f\" data-element_type=\"container\">\n\t\t\t\t\t<div class=\"e-con-inner\">\n\t\t\t\t<div class=\"elementor-element elementor-element-463612b elementor-widget elementor-widget-html\" data-id=\"463612b\" data-element_type=\"widget\" data-widget_type=\"html.default\">\n\t\t\t\t<div class=\"elementor-widget-container\">\n\t\t\t\t\t<iframe src=\"https:\/\/www.google.com\/maps\/embed?pb=!1m18!1m12!1m3!1d2560.216901560438!2d14.417342876844925!3d50.082225771524286!2m3!1f0!2f0!3f0!3m2!1i1024!2i768!4f13.1!3m3!1m2!1s0x470b94ee0b9efc2b%3A0xd7c85ffa1c8e82b3!2zT2JjaG9kbsOtIGTFr20gTcOhag!5e0!3m2!1sen!2scz!4v1713441253577!5m2!1sen!2scz\" width=\"600\" height=\"450\" style=\"border:0;\" allowfullscreen=\"\" loading=\"lazy\" referrerpolicy=\"no-referrer-when-downgrade\"><\/iframe>\t\t\t\t<\/div>\n\t\t\t\t<\/div>\n\t\t\t\t\t<\/div>\n\t\t\t\t<\/div>\n\t\t\t\t<\/div>","protected":false},"excerpt":{"rendered":"<p>Vstupte a nahl\u00e9dn\u011bte do vizu\u00e1ln\u00edho sv\u011bta MiSushi All Interi\u00e9r &#038; Atmosf\u00e9ra Pokrmy<\/p>","protected":false},"author":1,"featured_media":0,"parent":0,"menu_order":0,"comment_status":"closed","ping_status":"closed","template":"","meta":{"_monsterinsights_skip_tracking":false,"_monsterinsights_sitenote_active":false,"_monsterinsights_sitenote_note":"","_monsterinsights_sitenote_category":0,"footnotes":""},"class_list":["post-521","page","type-page","status-publish","hentry"],"_links":{"self":[{"href":"https:\/\/misushi.cz\/en\/wp-json\/wp\/v2\/pages\/521","targetHints":{"allow":["GET"]}}],"collection":[{"href":"https:\/\/misushi.cz\/en\/wp-json\/wp\/v2\/pages"}],"about":[{"href":"https:\/\/misushi.cz\/en\/wp-json\/wp\/v2\/types\/page"}],"author":[{"embeddable":true,"href":"https:\/\/misushi.cz\/en\/wp-json\/wp\/v2\/users\/1"}],"replies":[{"embeddable":true,"href":"https:\/\/misushi.cz\/en\/wp-json\/wp\/v2\/comments?post=521"}],"version-history":[{"count":15,"href":"https:\/\/misushi.cz\/en\/wp-json\/wp\/v2\/pages\/521\/revisions"}],"predecessor-version":[{"id":591,"href":"https:\/\/misushi.cz\/en\/wp-json\/wp\/v2\/pages\/521\/revisions\/591"}],"wp:attachment":[{"href":"https:\/\/misushi.cz\/en\/wp-json\/wp\/v2\/media?parent=521"}],"curies":[{"name":"wp","href":"https:\/\/api.w.org\/{rel}","templated":true}]}}